{"id":2040,"date":"2026-01-21T21:26:19","date_gmt":"2026-01-21T20:26:19","guid":{"rendered":"https:\/\/gite-abicyclette.be\/?page_id=2040"},"modified":"2026-01-21T21:27:46","modified_gmt":"2026-01-21T20:27:46","slug":"cgu","status":"publish","type":"page","link":"https:\/\/gite-abicyclette.be\/nl\/cgu\/","title":{"rendered":"CGU"},"content":{"rendered":"<div data-elementor-type=\"wp-page\" data-elementor-id=\"2040\" class=\"elementor elementor-2040\">\n\t\t\t\t<div class=\"elementor-element elementor-element-116141d1 e-con-full e-flex wpr-particle-no wpr-jarallax-no wpr-parallax-no wpr-sticky-section-no wpr-equal-height-no e-con e-parent\" data-id=\"116141d1\" data-element_type=\"container\" data-e-type=\"container\">\n\t\t\t\t<div class=\"elementor-element elementor-element-79306ca elementor-widget elementor-widget-html\" data-id=\"79306ca\" data-element_type=\"widget\" data-e-type=\"widget\" data-widget_type=\"html.default\">\n\t\t\t\t\t<!DOCTYPE html>\n<html lang=\"fr\">\n<head>\n    <meta charset=\"UTF-8\">\n    <meta name=\"viewport\" content=\"width=device-width, initial-scale=1.0\">\n    <title>Conditions G\u00e9n\u00e9rales d'Utilisation - G\u00eete \u00e0 bicyclette<\/title>\n    \n    <!-- Google Fonts -->\n    <link rel=\"preconnect\" href=\"https:\/\/fonts.googleapis.com\">\n    <link rel=\"preconnect\" href=\"https:\/\/fonts.gstatic.com\" crossorigin>\n    <link href=\"https:\/\/fonts.googleapis.com\/css2?family=Fraunces:wght@600;700&family=Source+Sans+3:wght@400;600;700&display=swap\" rel=\"stylesheet\">\n    \n    <style>\n        :root {\n            \/* Couleurs *\/\n            --color-primary: #254117;\n            --color-background: #8C9983;\n            --color-surface: #F5F5F0;\n            --color-surface-alt: #E8EBE4;\n            --color-text: #2C2C2C;\n            --color-text-light: #5A5A5A;\n            --color-accent: #88A577;\n            --color-warning: #D4A373;\n            --color-success: #5F8D4E;\n            \n            \/* Typographie *\/\n            --font-display: 'Fraunces', serif;\n            --font-body: 'Source Sans 3', sans-serif;\n            \n            \/* Espacements *\/\n            --spacing-xs: 0.5rem;\n            --spacing-sm: 1rem;\n            --spacing-md: 1.5rem;\n            --spacing-lg: 2.5rem;\n            --spacing-xl: 4rem;\n            \n            \/* Animations *\/\n            --ease-smooth: cubic-bezier(0.16, 1, 0.3, 1);\n            --duration-normal: 0.4s;\n        }\n        \n        * {\n            margin: 0;\n            padding: 0;\n            box-sizing: border-box;\n        }\n        \n        body {\n            font-family: var(--font-body);\n            background: var(--color-background);\n            color: var(--color-text);\n            line-height: 1.7;\n            padding: var(--spacing-lg) var(--spacing-sm);\n        }\n        \n        \/* Container principal *\/\n        .cgu-container {\n            max-width: 900px;\n            margin: 0 auto;\n            background: var(--color-surface);\n            border-radius: 24px;\n            padding: var(--spacing-xl) var(--spacing-lg);\n            box-shadow: 0 20px 60px rgba(37, 65, 23, 0.15);\n            position: relative;\n            overflow: hidden;\n        }\n        \n        \/* Effet d\u00e9coratif en arri\u00e8re-plan *\/\n        .cgu-container::before {\n            content: '';\n            position: absolute;\n            top: -50%;\n            right: -20%;\n            width: 500px;\n            height: 500px;\n            background: radial-gradient(circle, rgba(136, 165, 119, 0.15) 0%, transparent 70%);\n            border-radius: 50%;\n            pointer-events: none;\n        }\n        \n        \/* En-t\u00eate *\/\n        .cgu-header {\n            text-align: center;\n            margin-bottom: var(--spacing-xl);\n            position: relative;\n            z-index: 1;\n        }\n        \n        .cgu-header h1 {\n            font-family: var(--font-display);\n            font-size: clamp(2rem, 5vw, 3rem);\n            color: var(--color-primary);\n            margin-bottom: var(--spacing-sm);\n            font-weight: 700;\n            line-height: 1.2;\n        }\n        \n        .cgu-header .subtitle {\n            font-size: 1.125rem;\n            color: var(--color-text-light);\n            max-width: 700px;\n            margin: 0 auto var(--spacing-md);\n        }\n        \n        .update-badge {\n            display: inline-block;\n            background: var(--color-primary);\n            color: white;\n            padding: var(--spacing-xs) var(--spacing-md);\n            border-radius: 100px;\n            font-size: 0.875rem;\n            font-weight: 600;\n            letter-spacing: 0.5px;\n            margin-top: var(--spacing-sm);\n            animation: fadeInUp 0.6s var(--ease-smooth) backwards;\n            animation-delay: 0.2s;\n        }\n        \n        \/* Sections *\/\n        .cgu-section {\n            margin-bottom: var(--spacing-xl);\n            animation: fadeInUp 0.6s var(--ease-smooth) backwards;\n            position: relative;\n            z-index: 1;\n        }\n        \n        .cgu-section:nth-child(1) { animation-delay: 0.3s; }\n        .cgu-section:nth-child(2) { animation-delay: 0.4s; }\n        .cgu-section:nth-child(3) { animation-delay: 0.5s; }\n        .cgu-section:nth-child(4) { animation-delay: 0.6s; }\n        .cgu-section:nth-child(5) { animation-delay: 0.7s; }\n        .cgu-section:nth-child(6) { animation-delay: 0.8s; }\n        .cgu-section:nth-child(7) { animation-delay: 0.9s; }\n        \n        .section-number {\n            display: inline-flex;\n            align-items: center;\n            justify-content: center;\n            width: 40px;\n            height: 40px;\n            background: var(--color-primary);\n            color: white;\n            border-radius: 12px;\n            font-family: var(--font-display);\n            font-size: 1.25rem;\n            font-weight: 700;\n            margin-right: var(--spacing-sm);\n            flex-shrink: 0;\n        }\n        \n        .cgu-section h2 {\n            font-family: var(--font-display);\n            font-size: clamp(1.5rem, 3vw, 1.875rem);\n            color: var(--color-primary);\n            margin-bottom: var(--spacing-md);\n            display: flex;\n            align-items: center;\n            font-weight: 600;\n            line-height: 1.3;\n        }\n        \n        .cgu-section p {\n            margin-bottom: var(--spacing-sm);\n            color: var(--color-text);\n        }\n        \n        .cgu-section p:last-child {\n            margin-bottom: 0;\n        }\n        \n        \/* Listes *\/\n        ul {\n            list-style: none;\n            padding: 0;\n            margin: var(--spacing-md) 0;\n        }\n        \n        ul li {\n            padding-left: var(--spacing-lg);\n            margin-bottom: var(--spacing-sm);\n            position: relative;\n            color: var(--color-text);\n        }\n        \n        ul li::before {\n            content: '\u2713';\n            position: absolute;\n            left: 0;\n            width: 24px;\n            height: 24px;\n            background: var(--color-success);\n            color: white;\n            border-radius: 6px;\n            display: flex;\n            align-items: center;\n            justify-content: center;\n            font-weight: 700;\n            font-size: 0.875rem;\n        }\n        \n        ul.obligations li::before {\n            content: '!';\n            background: var(--color-warning);\n        }\n        \n        \/* Info boxes *\/\n        .info-box {\n            background: linear-gradient(135deg, rgba(95, 141, 78, 0.1) 0%, rgba(136, 165, 119, 0.1) 100%);\n            border-left: 4px solid var(--color-success);\n            padding: var(--spacing-md);\n            border-radius: 12px;\n            margin: var(--spacing-md) 0;\n        }\n        \n        .info-box p {\n            margin: 0;\n            color: var(--color-text);\n        }\n        \n        .info-box strong {\n            color: var(--color-primary);\n            font-weight: 600;\n        }\n        \n        .info-box::before {\n            content: '\ud83c\udf10';\n            font-size: 1.5rem;\n            display: block;\n            margin-bottom: var(--spacing-xs);\n        }\n        \n        .info-box.authorized::before {\n            content: '\u2713';\n            display: inline-flex;\n            align-items: center;\n            justify-content: center;\n            width: 32px;\n            height: 32px;\n            background: var(--color-success);\n            color: white;\n            border-radius: 50%;\n            font-weight: 700;\n            margin-right: var(--spacing-sm);\n            margin-bottom: 0;\n        }\n        \n        .warning-box {\n            background: linear-gradient(135deg, rgba(212, 163, 115, 0.15) 0%, rgba(212, 163, 115, 0.08) 100%);\n            border-left: 4px solid var(--color-warning);\n            padding: var(--spacing-md);\n            border-radius: 12px;\n            margin: var(--spacing-md) 0;\n        }\n        \n        .warning-box::before {\n            content: '\u26a0\ufe0f';\n            font-size: 1.5rem;\n            display: inline-block;\n            margin-right: var(--spacing-xs);\n        }\n        \n        .warning-box p {\n            display: inline;\n            margin: 0;\n            color: var(--color-text);\n        }\n        \n        .warning-box strong {\n            color: var(--color-warning);\n            font-weight: 700;\n        }\n        \n        \/* Contact box *\/\n        .contact-box {\n            background: var(--color-primary);\n            color: white;\n            padding: var(--spacing-lg);\n            border-radius: 16px;\n            margin-top: var(--spacing-xl);\n            text-align: center;\n        }\n        \n        .contact-box h2 {\n            color: white;\n            margin-bottom: var(--spacing-md);\n            justify-content: center;\n        }\n        \n        .contact-box .section-number {\n            background: rgba(255, 255, 255, 0.2);\n        }\n        \n        .contact-box p {\n            color: rgba(255, 255, 255, 0.9);\n            margin-bottom: var(--spacing-md);\n        }\n        \n        .contact-email {\n            display: inline-flex;\n            align-items: center;\n            gap: var(--spacing-sm);\n            background: rgba(255, 255, 255, 0.15);\n            backdrop-filter: blur(10px);\n            padding: var(--spacing-md) var(--spacing-lg);\n            border-radius: 12px;\n            color: white;\n            text-decoration: none;\n            font-weight: 600;\n            font-size: 1.125rem;\n            transition: all var(--duration-normal) var(--ease-smooth);\n            border: 2px solid rgba(255, 255, 255, 0.2);\n        }\n        \n        .contact-email:hover {\n            background: rgba(255, 255, 255, 0.25);\n            border-color: rgba(255, 255, 255, 0.4);\n            transform: translateY(-2px);\n        }\n        \n        .contact-email::before {\n            content: '\u2709';\n            font-size: 1.5rem;\n        }\n        \n        .response-note {\n            margin-top: var(--spacing-md);\n            font-size: 0.9375rem;\n            color: rgba(255, 255, 255, 0.8);\n            font-style: italic;\n        }\n        \n        \/* Responsabilit\u00e9 grid *\/\n        .responsibility-grid {\n            display: grid;\n            gap: var(--spacing-md);\n            margin: var(--spacing-md) 0;\n        }\n        \n        .responsibility-item {\n            background: white;\n            padding: var(--spacing-md);\n            border-radius: 12px;\n            border-left: 4px solid var(--color-accent);\n            transition: all var(--duration-normal) var(--ease-smooth);\n        }\n        \n        .responsibility-item:hover {\n            transform: translateX(4px);\n            box-shadow: 0 4px 12px rgba(37, 65, 23, 0.1);\n        }\n        \n        .responsibility-item::before {\n            content: '\u2192';\n            color: var(--color-primary);\n            font-weight: 700;\n            margin-right: var(--spacing-xs);\n        }\n        \n        \/* Animations *\/\n        @keyframes fadeInUp {\n            from {\n                opacity: 0;\n                transform: translateY(30px);\n            }\n            to {\n                opacity: 1;\n                transform: translateY(0);\n            }\n        }\n        \n        \/* Responsive *\/\n        @media (max-width: 768px) {\n            .cgu-container {\n                padding: var(--spacing-lg) var(--spacing-md);\n                border-radius: 16px;\n            }\n            \n            .cgu-section h2 {\n                flex-direction: column;\n                align-items: flex-start;\n            }\n            \n            .section-number {\n                margin-bottom: var(--spacing-xs);\n            }\n            \n            ul li {\n                padding-left: 2.5rem;\n            }\n        }\n    <\/style>\n<\/head>\n<body>\n    <div class=\"cgu-container\">\n        <header class=\"cgu-header\">\n            <h1>Conditions G\u00e9n\u00e9rales d'Utilisation<\/h1>\n            <p class=\"subtitle\">Les pr\u00e9sentes CGU encadrent l'acc\u00e8s et l'utilisation du site du G\u00eete \u00e0 bicyclette. En naviguant sur ce site, vous acceptez ces conditions sans r\u00e9serve.<\/p>\n            <span class=\"update-badge\">\ud83d\udcc5 Derni\u00e8re mise \u00e0 jour : Janvier 2026<\/span>\n        <\/header>\n        \n        <section class=\"cgu-section\">\n            <h2>\n                <span class=\"section-number\">1<\/span>\n                Objet des CGU\n            <\/h2>\n            <p>Les pr\u00e9sentes Conditions G\u00e9n\u00e9rales d'Utilisation (CGU) ont pour objet de d\u00e9finir les modalit\u00e9s de mise \u00e0 disposition des services du site du G\u00eete \u00e0 bicyclette et les conditions d'utilisation par l'utilisateur. En acc\u00e9dant \u00e0 ce site, vous reconnaissez avoir pris connaissance de ces conditions et vous vous engagez \u00e0 les respecter.<\/p>\n        <\/section>\n        \n        <section class=\"cgu-section\">\n            <h2>\n                <span class=\"section-number\">2<\/span>\n                Conditions d'acc\u00e8s au site\n            <\/h2>\n            <p>L'acc\u00e8s au site du G\u00eete \u00e0 bicyclette est gratuit pour tout utilisateur disposant d'un acc\u00e8s Internet. Tous les co\u00fbts aff\u00e9rents \u00e0 l'acc\u00e8s au service, que ce soient les frais mat\u00e9riels, logiciels ou d'acc\u00e8s \u00e0 Internet, sont exclusivement \u00e0 la charge de l'utilisateur.<\/p>\n            \n            <div class=\"info-box\">\n                <p><strong>Disponibilit\u00e9 :<\/strong> Le site est accessible 24h\/24, 7j\/7, sauf en cas de force majeure, de maintenance technique planifi\u00e9e ou d'interventions d'urgence n\u00e9cessaires au bon fonctionnement du service.<\/p>\n            <\/div>\n            \n            <p>Certains services peuvent n\u00e9cessiter la transmission de donn\u00e9es personnelles via un formulaire de contact. Ces donn\u00e9es sont trait\u00e9es conform\u00e9ment \u00e0 notre Politique de Confidentialit\u00e9.<\/p>\n        <\/section>\n        \n        <section class=\"cgu-section\">\n            <h2>\n                <span class=\"section-number\">3<\/span>\n                Obligations des utilisateurs\n            <\/h2>\n            <p>En naviguant sur le site du G\u00eete \u00e0 bicyclette, vous vous engagez \u00e0 :<\/p>\n            \n            <ul class=\"obligations\">\n                <li>Ne pas porter atteinte au bon fonctionnement du site (tentatives de piratage, surcharge volontaire, injection de code malveillant, etc.)<\/li>\n                <li>Ne pas utiliser le site \u00e0 des fins ill\u00e9gales, frauduleuses ou contraires aux bonnes m\u0153urs<\/li>\n                <li>Respecter la propri\u00e9t\u00e9 intellectuelle du G\u00eete \u00e0 bicyclette et des tiers<\/li>\n                <li>Fournir des informations exactes et \u00e0 jour lors de l'utilisation des formulaires de contact<\/li>\n            <\/ul>\n            \n            <div class=\"warning-box\">\n                <p><strong>Attention :<\/strong> Tout manquement \u00e0 ces obligations peut entra\u00eener la suspension de votre acc\u00e8s au site et, le cas \u00e9ch\u00e9ant, des poursuites judiciaires et demandes de dommages et int\u00e9r\u00eats.<\/p>\n            <\/div>\n        <\/section>\n        \n        <section class=\"cgu-section\">\n            <h2>\n                <span class=\"section-number\">4<\/span>\n                Propri\u00e9t\u00e9 intellectuelle\n            <\/h2>\n            <p>L'ensemble des contenus pr\u00e9sents sur le site du G\u00eete \u00e0 bicyclette \u2014 incluant mais ne se limitant pas aux textes, images, logos, graphiques, ic\u00f4nes, code source, structure du site et design \u2014 sont la propri\u00e9t\u00e9 exclusive du G\u00eete \u00e0 bicyclette, sauf mention contraire explicite.<\/p>\n            \n            <p>Toute reproduction, repr\u00e9sentation, modification, publication, adaptation, traduction ou diffusion, totale ou partielle, des contenus de ce site, par quelque proc\u00e9d\u00e9 que ce soit, sans autorisation \u00e9crite pr\u00e9alable, est strictement interdite. Cela constitue une contrefa\u00e7on sanctionn\u00e9e par le Code de droit \u00e9conomique belge et la l\u00e9gislation internationale sur le droit d'auteur.<\/p>\n            \n            <div class=\"info-box authorized\">\n                <p><strong>Usage autoris\u00e9 :<\/strong> Vous pouvez consulter et t\u00e9l\u00e9charger les contenus du site pour un usage strictement personnel et non commercial. Toute autre utilisation n\u00e9cessite notre accord pr\u00e9alable.<\/p>\n            <\/div>\n        <\/section>\n        \n        <section class=\"cgu-section\">\n            <h2>\n                <span class=\"section-number\">5<\/span>\n                Limitation de responsabilit\u00e9\n            <\/h2>\n            <p>Nous nous effor\u00e7ons de maintenir le site du G\u00eete \u00e0 bicyclette accessible et fonctionnel en permanence. Cependant, notre responsabilit\u00e9 ne saurait \u00eatre engag\u00e9e pour :<\/p>\n            \n            <div class=\"responsibility-grid\">\n                <div class=\"responsibility-item\">\n                    Les interruptions temporaires du site li\u00e9es \u00e0 la maintenance ou \u00e0 des mises \u00e0 jour\n                <\/div>\n                <div class=\"responsibility-item\">\n                    Les dysfonctionnements techniques imputables au mat\u00e9riel de l'utilisateur ou \u00e0 son fournisseur d'acc\u00e8s Internet\n                <\/div>\n                <div class=\"responsibility-item\">\n                    Le contenu de sites tiers accessibles via des hyperliens pr\u00e9sents sur notre site (nous n'exer\u00e7ons aucun contr\u00f4le sur ces sites)\n                <\/div>\n                <div class=\"responsibility-item\">\n                    L'usage que les utilisateurs font des informations pr\u00e9sentes sur le site\n                <\/div>\n            <\/div>\n            \n            <p style=\"margin-top: var(--spacing-md);\">Les informations diffus\u00e9es sur le site sont fournies \u00e0 titre indicatif. Nous nous effor\u00e7ons d'assurer l'exactitude et la mise \u00e0 jour des informations, mais ne pouvons garantir leur exhaustivit\u00e9 absolue.<\/p>\n        <\/section>\n        \n        <section class=\"cgu-section\">\n            <h2>\n                <span class=\"section-number\">6<\/span>\n                Droit applicable et juridiction comp\u00e9tente\n            <\/h2>\n            <p>Les pr\u00e9sentes conditions sont r\u00e9gies par le droit belge. En cas de litige et \u00e0 d\u00e9faut d'accord amiable, le diff\u00e9rend sera port\u00e9 devant les tribunaux comp\u00e9tents de l'arrondissement judiciaire de notre si\u00e8ge social.<\/p>\n        <\/section>\n        \n        <div class=\"contact-box\">\n            <h2>\n                <span class=\"section-number\">7<\/span>\n                Questions et contact\n            <\/h2>\n            <p>Pour toute question relative \u00e0 ces Conditions G\u00e9n\u00e9rales d'Utilisation, vous pouvez nous contacter directement :<\/p>\n            <a href=\"mailto:info@gite-abicyclette.be\" class=\"contact-email\">info@gite-abicyclette.be<\/a>\n            <p class=\"response-note\">Nous nous engageons \u00e0 vous r\u00e9pondre dans les meilleurs d\u00e9lais.<\/p>\n        <\/div>\n    <\/div>\n<\/body>\n<\/html>\t\t\t\t<\/div>\n\t\t\t\t<\/div>\n\t\t\t\t<\/div>","protected":false},"excerpt":{"rendered":"<p>Conditions G\u00e9n\u00e9rales d&rsquo;Utilisation &#8211; G\u00eete \u00e0 bicyclette Conditions G\u00e9n\u00e9rales d&rsquo;Utilisation Les pr\u00e9sentes CGU encadrent l&rsquo;acc\u00e8s et l&rsquo;utilisation du site du G\u00eete \u00e0 bicyclette. En naviguant sur ce site, vous acceptez ces conditions sans r\u00e9serve. \ud83d\udcc5 Derni\u00e8re mise \u00e0 jour : Janvier 2026 1 Objet des CGU Les pr\u00e9sentes Conditions G\u00e9n\u00e9rales d&rsquo;Utilisation (CGU) ont pour objet de d\u00e9finir les modalit\u00e9s de mise \u00e0 disposition des services du site du G\u00eete \u00e0 bicyclette et les conditions d&rsquo;utilisation par l&rsquo;utilisateur. En acc\u00e9dant \u00e0 ce site, vous reconnaissez avoir pris connaissance de ces conditions et vous vous engagez \u00e0 les respecter. 2 Conditions d&rsquo;acc\u00e8s au site L&rsquo;acc\u00e8s au site du G\u00eete \u00e0 bicyclette est gratuit pour tout utilisateur disposant d&rsquo;un acc\u00e8s Internet. Tous les co\u00fbts aff\u00e9rents \u00e0 l&rsquo;acc\u00e8s au service, que ce soient les frais mat\u00e9riels, logiciels ou d&rsquo;acc\u00e8s \u00e0 Internet, sont exclusivement \u00e0 la charge de l&rsquo;utilisateur. Disponibilit\u00e9 : Le site est accessible 24h\/24, 7j\/7, sauf en cas de force majeure, de maintenance technique planifi\u00e9e ou d&rsquo;interventions d&rsquo;urgence n\u00e9cessaires au bon fonctionnement du service. Certains services peuvent n\u00e9cessiter la transmission de donn\u00e9es personnelles via un formulaire de contact. Ces donn\u00e9es sont trait\u00e9es conform\u00e9ment \u00e0 notre Politique de Confidentialit\u00e9. 3 Obligations des utilisateurs En naviguant sur le site du G\u00eete \u00e0 bicyclette, vous vous engagez \u00e0 : Ne pas porter atteinte au bon fonctionnement du site (tentatives de piratage, surcharge volontaire, injection de code malveillant, etc.) Ne pas utiliser le site \u00e0 des fins ill\u00e9gales, frauduleuses ou contraires aux bonnes m\u0153urs Respecter la propri\u00e9t\u00e9 intellectuelle du G\u00eete \u00e0 bicyclette et des tiers Fournir des informations exactes et \u00e0 jour lors de l&rsquo;utilisation des formulaires de contact Attention : Tout manquement \u00e0 ces obligations peut entra\u00eener la suspension de votre acc\u00e8s au site et, le cas \u00e9ch\u00e9ant, des poursuites judiciaires et demandes de dommages et int\u00e9r\u00eats. 4 Propri\u00e9t\u00e9 intellectuelle L&rsquo;ensemble des contenus pr\u00e9sents sur le site du G\u00eete \u00e0 bicyclette \u2014 incluant mais ne se limitant pas aux textes, images, logos, graphiques, ic\u00f4nes, code source, structure du site et design \u2014 sont la propri\u00e9t\u00e9 exclusive du G\u00eete \u00e0 bicyclette, sauf mention contraire explicite. Toute reproduction, repr\u00e9sentation, modification, publication, adaptation, traduction ou diffusion, totale ou partielle, des contenus de ce site, par quelque proc\u00e9d\u00e9 que ce soit, sans autorisation \u00e9crite pr\u00e9alable, est strictement interdite. Cela constitue une contrefa\u00e7on sanctionn\u00e9e par le Code de droit \u00e9conomique belge et la l\u00e9gislation internationale sur le droit d&rsquo;auteur. Usage autoris\u00e9 : Vous pouvez consulter et t\u00e9l\u00e9charger les contenus du site pour un usage strictement personnel et non commercial. Toute autre utilisation n\u00e9cessite notre accord pr\u00e9alable. 5 Limitation de responsabilit\u00e9 Nous nous effor\u00e7ons de maintenir le site du G\u00eete \u00e0 bicyclette accessible et fonctionnel en permanence. Cependant, notre responsabilit\u00e9 ne saurait \u00eatre engag\u00e9e pour : Les interruptions temporaires du site li\u00e9es \u00e0 la maintenance ou \u00e0 des mises \u00e0 jour Les dysfonctionnements techniques imputables au mat\u00e9riel de l&rsquo;utilisateur ou \u00e0 son fournisseur d&rsquo;acc\u00e8s Internet Le contenu de sites tiers accessibles via des hyperliens pr\u00e9sents sur notre site (nous n&rsquo;exer\u00e7ons aucun contr\u00f4le sur ces sites) L&rsquo;usage que les utilisateurs font des informations pr\u00e9sentes sur le site Les informations diffus\u00e9es sur le site sont fournies \u00e0 titre indicatif. Nous nous effor\u00e7ons d&rsquo;assurer l&rsquo;exactitude et la mise \u00e0 jour des informations, mais ne pouvons garantir leur exhaustivit\u00e9 absolue. 6 Droit applicable et juridiction comp\u00e9tente Les pr\u00e9sentes conditions sont r\u00e9gies par le droit belge. En cas de litige et \u00e0 d\u00e9faut d&rsquo;accord amiable, le diff\u00e9rend sera port\u00e9 devant les tribunaux comp\u00e9tents de l&rsquo;arrondissement judiciaire de notre si\u00e8ge social. 7 Questions et contact Pour toute question relative \u00e0 ces Conditions G\u00e9n\u00e9rales d&rsquo;Utilisation, vous pouvez nous contacter directement : info@gite-abicyclette.be Nous nous engageons \u00e0 vous r\u00e9pondre dans les meilleurs d\u00e9lais.<\/p>","protected":false},"author":1,"featured_media":0,"parent":0,"menu_order":0,"comment_status":"closed","ping_status":"closed","template":"elementor_canvas","meta":{"footnotes":""},"class_list":["post-2040","page","type-page","status-publish","hentry"],"_links":{"self":[{"href":"https:\/\/gite-abicyclette.be\/nl\/wp-json\/wp\/v2\/pages\/2040","targetHints":{"allow":["GET"]}}],"collection":[{"href":"https:\/\/gite-abicyclette.be\/nl\/wp-json\/wp\/v2\/pages"}],"about":[{"href":"https:\/\/gite-abicyclette.be\/nl\/wp-json\/wp\/v2\/types\/page"}],"author":[{"embeddable":true,"href":"https:\/\/gite-abicyclette.be\/nl\/wp-json\/wp\/v2\/users\/1"}],"replies":[{"embeddable":true,"href":"https:\/\/gite-abicyclette.be\/nl\/wp-json\/wp\/v2\/comments?post=2040"}],"version-history":[{"count":4,"href":"https:\/\/gite-abicyclette.be\/nl\/wp-json\/wp\/v2\/pages\/2040\/revisions"}],"predecessor-version":[{"id":2044,"href":"https:\/\/gite-abicyclette.be\/nl\/wp-json\/wp\/v2\/pages\/2040\/revisions\/2044"}],"wp:attachment":[{"href":"https:\/\/gite-abicyclette.be\/nl\/wp-json\/wp\/v2\/media?parent=2040"}],"curies":[{"name":"wp","href":"https:\/\/api.w.org\/{rel}","templated":true}]}}